{"id":461,"date":"2013-04-04T16:54:01","date_gmt":"2013-04-04T20:54:01","guid":{"rendered":"http:\/\/universalezback.com\/store-locator-2\/"},"modified":"2015-02-13T12:43:12","modified_gmt":"2015-02-13T17:43:12","slug":"point-de-vente","status":"publish","type":"page","link":"https:\/\/universalezback.com\/fr\/point-de-vente\/","title":{"rendered":"Point de Vente"},"content":{"rendered":"<h1 class=\"title\">Trouver un d\u00e9taillant qui vend les Universal EZ back&trade; pr\u00e9s de chez vous.<\/h1>\n<p>Avec plus de 500 magasins aux \u00c9tats Unis ainsi que dans plusieurs autres pays dans le monde, nous sommes sur que vous pourrez trouver vos Universal EZ back\u2122 dans un magasin pr\u00e9s de chez vous.<\/p>\n<p> Veuillez \u00e9crire une adresse, une ville ou un ode postal. Choisissez la distance radiante et cliquer sur &lsquo;D\u00e9taillants&rsquo; pour trouver un magasin pr\u00e9s de chez vous.<\/p>\n<div class=\"store_locator_plus fusion\"><div id=\"sl_div\"><form id=\"searchForm\" class=\"slp_search_form\" action=\"\" onsubmit='cslmap.searchLocations(); return false;'  ><div class=\"slp_search_container\"><div id=\"address_search\" class=\"slp search_box\">   <div id='addy_in_address' class='search_item'><label for='addressInput' class='text length_32'>Please Enter Address or Zip Code<\/label><input class='label_text length_32' type='text' id='addressInput' name='addressInput'  size='50' value='' \/><\/div>        <div class=\"search_item\"> <div id='addy_in_radius'><label for='radiusSelect' class='text length_13'>Search Radius<\/label><select id='radiusSelect'><option value='10' >10 miles<\/option><option value='25' >25 miles<\/option><option value='50' >50 miles<\/option><option value='100' >100 miles<\/option><option value='200'  selected='selected' >200 miles<\/option><option value='500' >500 miles<\/option><\/select><\/div> <div id='radius_in_submit'><input type=\"submit\" class=\"slp_ui_button\" value='Find Locations' id='addressSubmit'\/><\/div> <\/div>   <\/div><\/div><\/form><div id=\"map\" class=\"slp_map\"><\/div><div id=\"map_sidebar\" class=\"slp_results_container\"><div class=\"text_below_map\">Enter an address or zip code and click the find locations button.<\/div><\/div><\/div><\/div>\n","protected":false},"excerpt":{"rendered":"<p>Trouver un d\u00e9taillant qui vend les Universal EZ back&trade; pr\u00e9s de chez vous. Avec plus de 500 magasins aux \u00c9tats Unis ainsi que dans plusieurs autres pays dans le monde, nous sommes sur que vous pourrez trouver vos Universal EZ back\u2122 dans un magasin pr\u00e9s de chez vous. Veuillez \u00e9crire une adresse, une ville ou [&hellip;]<\/p>\n","protected":false},"author":1,"featured_media":0,"parent":0,"menu_order":0,"comment_status":"closed","ping_status":"closed","template":"page-retailer.php","meta":{"footnotes":""},"class_list":["post-461","page","type-page","status-publish","hentry"],"yoast_head":"<!-- This site is optimized with the Yoast SEO plugin v27.5 - https:\/\/yoast.com\/product\/yoast-seo-wordpress\/ -->\n<title>Point de Vente - Universal EZ back<\/title>\n<meta name=\"robots\" content=\"index, follow, max-snippet:-1, max-image-preview:large, max-video-preview:-1\" \/>\n<link rel=\"canonical\" href=\"https:\/\/universalezback.com\/fr\/point-de-vente\/\" \/>\n<meta property=\"og:locale\" content=\"fr_FR\" \/>\n<meta property=\"og:type\" content=\"article\" \/>\n<meta property=\"og:title\" content=\"Point de Vente - Universal EZ back\" \/>\n<meta property=\"og:description\" content=\"Trouver un d\u00e9taillant qui vend les Universal EZ back&trade; pr\u00e9s de chez vous. Avec plus de 500 magasins aux \u00c9tats Unis ainsi que dans plusieurs autres pays dans le monde, nous sommes sur que vous pourrez trouver vos Universal EZ back\u2122 dans un magasin pr\u00e9s de chez vous. Veuillez \u00e9crire une adresse, une ville ou [&hellip;]\" \/>\n<meta property=\"og:url\" content=\"https:\/\/universalezback.com\/fr\/point-de-vente\/\" \/>\n<meta property=\"og:site_name\" content=\"Universal EZ back\" \/>\n<meta property=\"article:modified_time\" content=\"2015-02-13T17:43:12+00:00\" \/>\n<script type=\"application\/ld+json\" class=\"yoast-schema-graph\">{\"@context\":\"https:\\\/\\\/schema.org\",\"@graph\":[{\"@type\":\"WebPage\",\"@id\":\"https:\\\/\\\/universalezback.com\\\/fr\\\/point-de-vente\\\/\",\"url\":\"https:\\\/\\\/universalezback.com\\\/fr\\\/point-de-vente\\\/\",\"name\":\"Point de Vente - Universal EZ back\",\"isPartOf\":{\"@id\":\"https:\\\/\\\/universalezback.com\\\/#website\"},\"datePublished\":\"2013-04-04T20:54:01+00:00\",\"dateModified\":\"2015-02-13T17:43:12+00:00\",\"breadcrumb\":{\"@id\":\"https:\\\/\\\/universalezback.com\\\/fr\\\/point-de-vente\\\/#breadcrumb\"},\"inLanguage\":\"fr-FR\",\"potentialAction\":[{\"@type\":\"ReadAction\",\"target\":[\"https:\\\/\\\/universalezback.com\\\/fr\\\/point-de-vente\\\/\"]}]},{\"@type\":\"BreadcrumbList\",\"@id\":\"https:\\\/\\\/universalezback.com\\\/fr\\\/point-de-vente\\\/#breadcrumb\",\"itemListElement\":[{\"@type\":\"ListItem\",\"position\":1,\"name\":\"Home\",\"item\":\"https:\\\/\\\/universalezback.com\\\/fr\\\/accueil\\\/\"},{\"@type\":\"ListItem\",\"position\":2,\"name\":\"Point de Vente\"}]},{\"@type\":\"WebSite\",\"@id\":\"https:\\\/\\\/universalezback.com\\\/#website\",\"url\":\"https:\\\/\\\/universalezback.com\\\/\",\"name\":\"Universal EZ back\",\"description\":\"The Original Universal Earring Back\",\"publisher\":{\"@id\":\"https:\\\/\\\/universalezback.com\\\/#organization\"},\"potentialAction\":[{\"@type\":\"SearchAction\",\"target\":{\"@type\":\"EntryPoint\",\"urlTemplate\":\"https:\\\/\\\/universalezback.com\\\/?s={search_term_string}\"},\"query-input\":{\"@type\":\"PropertyValueSpecification\",\"valueRequired\":true,\"valueName\":\"search_term_string\"}}],\"inLanguage\":\"fr-FR\"},{\"@type\":\"Organization\",\"@id\":\"https:\\\/\\\/universalezback.com\\\/#organization\",\"name\":\"Universal EZ back\",\"url\":\"https:\\\/\\\/universalezback.com\\\/\",\"logo\":{\"@type\":\"ImageObject\",\"inLanguage\":\"fr-FR\",\"@id\":\"https:\\\/\\\/universalezback.com\\\/#\\\/schema\\\/logo\\\/image\\\/\",\"url\":\"https:\\\/\\\/universalezback.com\\\/wp-content\\\/uploads\\\/ezback_logo-1.png\",\"contentUrl\":\"https:\\\/\\\/universalezback.com\\\/wp-content\\\/uploads\\\/ezback_logo-1.png\",\"width\":297,\"height\":66,\"caption\":\"Universal EZ back\"},\"image\":{\"@id\":\"https:\\\/\\\/universalezback.com\\\/#\\\/schema\\\/logo\\\/image\\\/\"}}]}<\/script>\n<!-- \/ Yoast SEO plugin. -->","yoast_head_json":{"title":"Point de Vente - Universal EZ back","robots":{"index":"index","follow":"follow","max-snippet":"max-snippet:-1","max-image-preview":"max-image-preview:large","max-video-preview":"max-video-preview:-1"},"canonical":"https:\/\/universalezback.com\/fr\/point-de-vente\/","og_locale":"fr_FR","og_type":"article","og_title":"Point de Vente - Universal EZ back","og_description":"Trouver un d\u00e9taillant qui vend les Universal EZ back&trade; pr\u00e9s de chez vous. Avec plus de 500 magasins aux \u00c9tats Unis ainsi que dans plusieurs autres pays dans le monde, nous sommes sur que vous pourrez trouver vos Universal EZ back\u2122 dans un magasin pr\u00e9s de chez vous. Veuillez \u00e9crire une adresse, une ville ou [&hellip;]","og_url":"https:\/\/universalezback.com\/fr\/point-de-vente\/","og_site_name":"Universal EZ back","article_modified_time":"2015-02-13T17:43:12+00:00","schema":{"@context":"https:\/\/schema.org","@graph":[{"@type":"WebPage","@id":"https:\/\/universalezback.com\/fr\/point-de-vente\/","url":"https:\/\/universalezback.com\/fr\/point-de-vente\/","name":"Point de Vente - Universal EZ back","isPartOf":{"@id":"https:\/\/universalezback.com\/#website"},"datePublished":"2013-04-04T20:54:01+00:00","dateModified":"2015-02-13T17:43:12+00:00","breadcrumb":{"@id":"https:\/\/universalezback.com\/fr\/point-de-vente\/#breadcrumb"},"inLanguage":"fr-FR","potentialAction":[{"@type":"ReadAction","target":["https:\/\/universalezback.com\/fr\/point-de-vente\/"]}]},{"@type":"BreadcrumbList","@id":"https:\/\/universalezback.com\/fr\/point-de-vente\/#breadcrumb","itemListElement":[{"@type":"ListItem","position":1,"name":"Home","item":"https:\/\/universalezback.com\/fr\/accueil\/"},{"@type":"ListItem","position":2,"name":"Point de Vente"}]},{"@type":"WebSite","@id":"https:\/\/universalezback.com\/#website","url":"https:\/\/universalezback.com\/","name":"Universal EZ back","description":"The Original Universal Earring Back","publisher":{"@id":"https:\/\/universalezback.com\/#organization"},"potentialAction":[{"@type":"SearchAction","target":{"@type":"EntryPoint","urlTemplate":"https:\/\/universalezback.com\/?s={search_term_string}"},"query-input":{"@type":"PropertyValueSpecification","valueRequired":true,"valueName":"search_term_string"}}],"inLanguage":"fr-FR"},{"@type":"Organization","@id":"https:\/\/universalezback.com\/#organization","name":"Universal EZ back","url":"https:\/\/universalezback.com\/","logo":{"@type":"ImageObject","inLanguage":"fr-FR","@id":"https:\/\/universalezback.com\/#\/schema\/logo\/image\/","url":"https:\/\/universalezback.com\/wp-content\/uploads\/ezback_logo-1.png","contentUrl":"https:\/\/universalezback.com\/wp-content\/uploads\/ezback_logo-1.png","width":297,"height":66,"caption":"Universal EZ back"},"image":{"@id":"https:\/\/universalezback.com\/#\/schema\/logo\/image\/"}}]}},"_links":{"self":[{"href":"https:\/\/universalezback.com\/fr\/wp-json\/wp\/v2\/pages\/461","targetHints":{"allow":["GET"]}}],"collection":[{"href":"https:\/\/universalezback.com\/fr\/wp-json\/wp\/v2\/pages"}],"about":[{"href":"https:\/\/universalezback.com\/fr\/wp-json\/wp\/v2\/types\/page"}],"author":[{"embeddable":true,"href":"https:\/\/universalezback.com\/fr\/wp-json\/wp\/v2\/users\/1"}],"replies":[{"embeddable":true,"href":"https:\/\/universalezback.com\/fr\/wp-json\/wp\/v2\/comments?post=461"}],"version-history":[{"count":10,"href":"https:\/\/universalezback.com\/fr\/wp-json\/wp\/v2\/pages\/461\/revisions"}],"predecessor-version":[{"id":513,"href":"https:\/\/universalezback.com\/fr\/wp-json\/wp\/v2\/pages\/461\/revisions\/513"}],"wp:attachment":[{"href":"https:\/\/universalezback.com\/fr\/wp-json\/wp\/v2\/media?parent=461"}],"curies":[{"name":"wp","href":"https:\/\/api.w.org\/{rel}","templated":true}]}}