{"id":254,"date":"2013-02-15T20:34:36","date_gmt":"2013-02-15T20:34:36","guid":{"rendered":"http:\/\/dev.universalezback.com\/?page_id=254"},"modified":"2013-03-20T18:57:25","modified_gmt":"2013-03-20T22:57:25","slug":"detaillants","status":"publish","type":"page","link":"https:\/\/universalezback.com\/fr\/detaillants\/","title":{"rendered":"D\u00e9taillants"},"content":{"rendered":"<p>Pour les prix de gros ou plus d&rsquo;informations, merci de bien vouloir <a href=\"http:\/\/universalezback.com\/fr\/contacter\/\" title=\"Contacter\">nous contacter<\/a> directement.<\/p>\n<p>Un superbe pr\u00e9sentoir de comptoir est aussi disponible et vous aidera \u00e0 optimiser vos ventes. <\/p>\n<p>Pour en savoir plus veuillez cliquer sur les pi\u00e8ces-jointes ci-dessous pour d\u00e9charger et voir la brochure ainsi qu\u2019une description sp\u00e9cifique et technique. <\/p>\n<h2 class=\"title\">Informations Produit<\/h2>\n<ul class=\"downloads\">\n<li class=\"li_pdf\"><a title=\"T\u00e9l\u00e9charger la Brochure\" href=\"http:\/\/universalezback.com\/downloads\/universal_ez_back_postcard_en_francais.pdf\" target=\"_blank\">Notre Brochure<\/a><\/li>\n<li class=\"li_pdf\"><a title=\"T\u00e9l\u00e9charger La Fiche Technique\" href=\"http:\/\/universalezback.com\/downloads\/fiche_techinique_en_francais.pdf\" target=\"_blank\">La Fiche Technique<\/a><\/li>\n<li class=\"li_pdf\"><a title=\"R\u00e9sum\u00e9 technique et de vente\" href=\"http:\/\/universalezback.com\/downloads\/resumee_technique_et_de_vente.pdf\" target=\"_blank\">R\u00e9sum\u00e9 Technique et de Vente<\/a><\/li>\n<li class=\"li_img\"><a title=\"La Photo du Pr\u00e9sentoir de Vente\" href=\"http:\/\/universalezback.com\/downloads\/ez-back-fr-display.jpg\" target=\"_blank\" class=\"popup\">La Photo du Pr\u00e9sentoir de Vente<\/a><\/li>\n<\/ul>\n<h2 class=\"title\">Informations Presse &amp; Salon Exposition<\/h2>\n<ul class=\"downloads\">\n<li class=\"li_pdf\"><a title=\"Article en Janvier 2010 Edition dans le magazine National Jeweller\" href=\"http:\/\/universalezback.com\/downloads\/universal_ez_back_in_national_jeweler.pdf\" target=\"_blank\">Article en Janvier 2010 Edition dans le magazine National Jeweller<\/a><\/li>\n<li class=\"li_pdf\"><a title=\"Article paru en mars 2010 dans le magazine INSTORE\" href=\"http:\/\/universalezback.com\/downloads\/universal_ezback_in_march_instore_magazine.pdf\" target=\"_blank\">Article paru en mars 2010 dans le magazine INSTORE&trade;<\/a><\/li>\n<li class=\"li_img\"><a title=\"Notre derni\u00e8re publicit\u00e9\" href=\"http:\/\/universalezback.com\/downloads\/ez-back-print-ad.jpg\" target=\"_blank\" class=\"popup\">Notre Derni\u00e8re Publicit\u00e9<\/a><\/li>\n<\/ul>\n<h2 class=\"title\">Photos &amp; Mesures<\/h2>\n<ul class=\"downloads\">\n<li class=\"li_img\"><a title=\"Boucle d'oreille Topaze avec le petit mod\u00e8le\" href=\"http:\/\/universalezback.com\/downloads\/pic1_ezback.jpg\" target=\"_blank\" class=\"popup\">Boucle d&rsquo;oreille Topaze avec le petit mod\u00e8le<\/a><\/li>\n<li class=\"li_img\"><a title=\"Boucle d'oreille Topaze avec le mod\u00e8le moyen\" href=\"http:\/\/universalezback.com\/downloads\/pic2_ezback.jpg\" target=\"_blank\" class=\"popup\">Boucle d&rsquo;oreille Topaze avec le mod\u00e8le moyen<\/a><\/li>\n<li class=\"li_img\"><a title=\"Boucle d'oreille Topaze avec le grand mod\u00e8le\" href=\"http:\/\/universalezback.com\/downloads\/pic3_ezback.jpg\" target=\"_blank\" class=\"popup\">Boucle d&rsquo;oreille Topaze avec le grand mod\u00e8le<\/a><\/li>\n<li class=\"li_img\"><a title=\"Dimmension du petit mod\u00e8le\" href=\"http:\/\/universalezback.com\/downloads\/pic4_ezback.jpg\" target=\"_blank\" class=\"popup\">Dimmension du petit mod\u00e8le<\/a><\/li>\n<li class=\"li_img\"><a title=\"Dimmension du mod\u00e8le moyen\" href=\"http:\/\/universalezback.com\/downloads\/pic5_ezback.jpg\" target=\"_blank\" class=\"popup\">Dimmension du mod\u00e8le moyen<\/a><\/li>\n<li class=\"li_img\"><a title=\"Dimmension du grand mod\u00e8le\" href=\"http:\/\/universalezback.com\/downloads\/pic6_ezback.jpg\" target=\"_blank\" class=\"popup\">Dimmension du grand mod\u00e8le<\/a><\/li>\n<\/ul>\n","protected":false},"excerpt":{"rendered":"<p>Pour les prix de gros ou plus d&rsquo;informations, merci de bien vouloir nous contacter directement. Un superbe pr\u00e9sentoir de comptoir est aussi disponible et vous aidera \u00e0 optimiser vos ventes. Pour en savoir plus veuillez cliquer sur les pi\u00e8ces-jointes ci-dessous pour d\u00e9charger et voir la brochure ainsi qu\u2019une description sp\u00e9cifique et technique. Informations Produit Notre [&hellip;]<\/p>\n","protected":false},"author":1,"featured_media":0,"parent":0,"menu_order":0,"comment_status":"closed","ping_status":"closed","template":"page-full.php","meta":{"footnotes":""},"class_list":["post-254","page","type-page","status-publish","hentry"],"yoast_head":"<!-- This site is optimized with the Yoast SEO plugin v27.5 - https:\/\/yoast.com\/product\/yoast-seo-wordpress\/ -->\n<title>D\u00e9taillants - Universal EZ back<\/title>\n<meta name=\"robots\" content=\"index, follow, max-snippet:-1, max-image-preview:large, max-video-preview:-1\" \/>\n<link rel=\"canonical\" href=\"https:\/\/universalezback.com\/fr\/detaillants\/\" \/>\n<meta property=\"og:locale\" content=\"fr_FR\" \/>\n<meta property=\"og:type\" content=\"article\" \/>\n<meta property=\"og:title\" content=\"D\u00e9taillants - Universal EZ back\" \/>\n<meta property=\"og:description\" content=\"Pour les prix de gros ou plus d&rsquo;informations, merci de bien vouloir nous contacter directement. Un superbe pr\u00e9sentoir de comptoir est aussi disponible et vous aidera \u00e0 optimiser vos ventes. Pour en savoir plus veuillez cliquer sur les pi\u00e8ces-jointes ci-dessous pour d\u00e9charger et voir la brochure ainsi qu\u2019une description sp\u00e9cifique et technique. Informations Produit Notre [&hellip;]\" \/>\n<meta property=\"og:url\" content=\"https:\/\/universalezback.com\/fr\/detaillants\/\" \/>\n<meta property=\"og:site_name\" content=\"Universal EZ back\" \/>\n<meta property=\"article:modified_time\" content=\"2013-03-20T22:57:25+00:00\" \/>\n<meta name=\"twitter:label1\" content=\"Dur\u00e9e de lecture estim\u00e9e\" \/>\n\t<meta name=\"twitter:data1\" content=\"1 minute\" \/>\n<script type=\"application\/ld+json\" class=\"yoast-schema-graph\">{\"@context\":\"https:\\\/\\\/schema.org\",\"@graph\":[{\"@type\":\"WebPage\",\"@id\":\"https:\\\/\\\/universalezback.com\\\/fr\\\/detaillants\\\/\",\"url\":\"https:\\\/\\\/universalezback.com\\\/fr\\\/detaillants\\\/\",\"name\":\"D\u00e9taillants - Universal EZ back\",\"isPartOf\":{\"@id\":\"https:\\\/\\\/universalezback.com\\\/#website\"},\"datePublished\":\"2013-02-15T20:34:36+00:00\",\"dateModified\":\"2013-03-20T22:57:25+00:00\",\"breadcrumb\":{\"@id\":\"https:\\\/\\\/universalezback.com\\\/fr\\\/detaillants\\\/#breadcrumb\"},\"inLanguage\":\"fr-FR\",\"potentialAction\":[{\"@type\":\"ReadAction\",\"target\":[\"https:\\\/\\\/universalezback.com\\\/fr\\\/detaillants\\\/\"]}]},{\"@type\":\"BreadcrumbList\",\"@id\":\"https:\\\/\\\/universalezback.com\\\/fr\\\/detaillants\\\/#breadcrumb\",\"itemListElement\":[{\"@type\":\"ListItem\",\"position\":1,\"name\":\"Home\",\"item\":\"https:\\\/\\\/universalezback.com\\\/fr\\\/accueil\\\/\"},{\"@type\":\"ListItem\",\"position\":2,\"name\":\"D\u00e9taillants\"}]},{\"@type\":\"WebSite\",\"@id\":\"https:\\\/\\\/universalezback.com\\\/#website\",\"url\":\"https:\\\/\\\/universalezback.com\\\/\",\"name\":\"Universal EZ back\",\"description\":\"The Original Universal Earring Back\",\"publisher\":{\"@id\":\"https:\\\/\\\/universalezback.com\\\/#organization\"},\"potentialAction\":[{\"@type\":\"SearchAction\",\"target\":{\"@type\":\"EntryPoint\",\"urlTemplate\":\"https:\\\/\\\/universalezback.com\\\/?s={search_term_string}\"},\"query-input\":{\"@type\":\"PropertyValueSpecification\",\"valueRequired\":true,\"valueName\":\"search_term_string\"}}],\"inLanguage\":\"fr-FR\"},{\"@type\":\"Organization\",\"@id\":\"https:\\\/\\\/universalezback.com\\\/#organization\",\"name\":\"Universal EZ back\",\"url\":\"https:\\\/\\\/universalezback.com\\\/\",\"logo\":{\"@type\":\"ImageObject\",\"inLanguage\":\"fr-FR\",\"@id\":\"https:\\\/\\\/universalezback.com\\\/#\\\/schema\\\/logo\\\/image\\\/\",\"url\":\"https:\\\/\\\/universalezback.com\\\/wp-content\\\/uploads\\\/ezback_logo-1.png\",\"contentUrl\":\"https:\\\/\\\/universalezback.com\\\/wp-content\\\/uploads\\\/ezback_logo-1.png\",\"width\":297,\"height\":66,\"caption\":\"Universal EZ back\"},\"image\":{\"@id\":\"https:\\\/\\\/universalezback.com\\\/#\\\/schema\\\/logo\\\/image\\\/\"}}]}<\/script>\n<!-- \/ Yoast SEO plugin. -->","yoast_head_json":{"title":"D\u00e9taillants - Universal EZ back","robots":{"index":"index","follow":"follow","max-snippet":"max-snippet:-1","max-image-preview":"max-image-preview:large","max-video-preview":"max-video-preview:-1"},"canonical":"https:\/\/universalezback.com\/fr\/detaillants\/","og_locale":"fr_FR","og_type":"article","og_title":"D\u00e9taillants - Universal EZ back","og_description":"Pour les prix de gros ou plus d&rsquo;informations, merci de bien vouloir nous contacter directement. Un superbe pr\u00e9sentoir de comptoir est aussi disponible et vous aidera \u00e0 optimiser vos ventes. Pour en savoir plus veuillez cliquer sur les pi\u00e8ces-jointes ci-dessous pour d\u00e9charger et voir la brochure ainsi qu\u2019une description sp\u00e9cifique et technique. Informations Produit Notre [&hellip;]","og_url":"https:\/\/universalezback.com\/fr\/detaillants\/","og_site_name":"Universal EZ back","article_modified_time":"2013-03-20T22:57:25+00:00","twitter_misc":{"Dur\u00e9e de lecture estim\u00e9e":"1 minute"},"schema":{"@context":"https:\/\/schema.org","@graph":[{"@type":"WebPage","@id":"https:\/\/universalezback.com\/fr\/detaillants\/","url":"https:\/\/universalezback.com\/fr\/detaillants\/","name":"D\u00e9taillants - Universal EZ back","isPartOf":{"@id":"https:\/\/universalezback.com\/#website"},"datePublished":"2013-02-15T20:34:36+00:00","dateModified":"2013-03-20T22:57:25+00:00","breadcrumb":{"@id":"https:\/\/universalezback.com\/fr\/detaillants\/#breadcrumb"},"inLanguage":"fr-FR","potentialAction":[{"@type":"ReadAction","target":["https:\/\/universalezback.com\/fr\/detaillants\/"]}]},{"@type":"BreadcrumbList","@id":"https:\/\/universalezback.com\/fr\/detaillants\/#breadcrumb","itemListElement":[{"@type":"ListItem","position":1,"name":"Home","item":"https:\/\/universalezback.com\/fr\/accueil\/"},{"@type":"ListItem","position":2,"name":"D\u00e9taillants"}]},{"@type":"WebSite","@id":"https:\/\/universalezback.com\/#website","url":"https:\/\/universalezback.com\/","name":"Universal EZ back","description":"The Original Universal Earring Back","publisher":{"@id":"https:\/\/universalezback.com\/#organization"},"potentialAction":[{"@type":"SearchAction","target":{"@type":"EntryPoint","urlTemplate":"https:\/\/universalezback.com\/?s={search_term_string}"},"query-input":{"@type":"PropertyValueSpecification","valueRequired":true,"valueName":"search_term_string"}}],"inLanguage":"fr-FR"},{"@type":"Organization","@id":"https:\/\/universalezback.com\/#organization","name":"Universal EZ back","url":"https:\/\/universalezback.com\/","logo":{"@type":"ImageObject","inLanguage":"fr-FR","@id":"https:\/\/universalezback.com\/#\/schema\/logo\/image\/","url":"https:\/\/universalezback.com\/wp-content\/uploads\/ezback_logo-1.png","contentUrl":"https:\/\/universalezback.com\/wp-content\/uploads\/ezback_logo-1.png","width":297,"height":66,"caption":"Universal EZ back"},"image":{"@id":"https:\/\/universalezback.com\/#\/schema\/logo\/image\/"}}]}},"_links":{"self":[{"href":"https:\/\/universalezback.com\/fr\/wp-json\/wp\/v2\/pages\/254","targetHints":{"allow":["GET"]}}],"collection":[{"href":"https:\/\/universalezback.com\/fr\/wp-json\/wp\/v2\/pages"}],"about":[{"href":"https:\/\/universalezback.com\/fr\/wp-json\/wp\/v2\/types\/page"}],"author":[{"embeddable":true,"href":"https:\/\/universalezback.com\/fr\/wp-json\/wp\/v2\/users\/1"}],"replies":[{"embeddable":true,"href":"https:\/\/universalezback.com\/fr\/wp-json\/wp\/v2\/comments?post=254"}],"version-history":[{"count":45,"href":"https:\/\/universalezback.com\/fr\/wp-json\/wp\/v2\/pages\/254\/revisions"}],"predecessor-version":[{"id":427,"href":"https:\/\/universalezback.com\/fr\/wp-json\/wp\/v2\/pages\/254\/revisions\/427"}],"wp:attachment":[{"href":"https:\/\/universalezback.com\/fr\/wp-json\/wp\/v2\/media?parent=254"}],"curies":[{"name":"wp","href":"https:\/\/api.w.org\/{rel}","templated":true}]}}