{"id":194,"date":"2013-01-30T21:39:51","date_gmt":"2013-01-30T21:39:51","guid":{"rendered":"http:\/\/redforeststudios.com\/ezback\/?page_id=194"},"modified":"2013-03-21T20:17:55","modified_gmt":"2013-03-22T00:17:55","slug":"universal-ez-back","status":"publish","type":"page","link":"https:\/\/universalezback.com\/fr\/universal-ez-back\/","title":{"rendered":"Pr\u00e9sentation de L\u2019Universal EZ back&trade;"},"content":{"rendered":"<h2 class=\"title\">L\u2019Universal EZ back<\/h2>\n<p><img loading=\"lazy\" decoding=\"async\" class=\"alignright size-medium wp-image-20\" alt=\"Universal EZ back\" src=\"http:\/\/universalezback.com\/wp-content\/uploads\/2013\/01\/ez-back-slide-300x300.png\" width=\"300\" height=\"300\" \/><\/p>\n<p>L\u2019Universal EZ back\u2122 est un poussoir de boucles d\u2019oreilles fabriqu\u00e9 soit en Argent, en Or 10 Carats, 14 Carats ou en 18 Carats (blanc ou jaune) entour\u00e9 d\u2019une capsule de silicone translucide hypoallerg\u00e9nique. Ce produit est SANS NICKEL &#038; HYPOALLERG\u00c9NIQUE<\/p>\n<ul>\n<li>Garde en place et en s\u00e9curit\u00e9 vos pr\u00e9cieuses boucles d\u2019oreilles et vous emp\u00eache de perdre vos poussoirs de boucles d\u2019oreilles<\/li>\n<li>S&rsquo;adapte sur la majorit\u00e9 de tiges \u00e0 diff\u00e9rents diam\u00e8tres de 0.45mm \u00e0 1.10mm<\/li>\n<li>Offre un excellent pouvoir de friction en comparaison avec des poussoirs traditionnels<\/li>\n<li>Conserve longtemps son excellent pouvoir de friction<\/li>\n<li>Est parfait pour les enfants et les emp\u00eache de perdre leurs boucles d\u2019oreille<\/li>\n<li>Prot\u00e8ge le cou d&rsquo;\u00eatre piqu\u00e9 par la tige et il est pratique pour les personnes qui parlent beaucoup au t\u00e9l\u00e9phone<\/li>\n<li>Permet de dormir confortablement avec vos boucles d\u2019oreille<\/li>\n<li>Grand mod\u00e8le emp\u00eache les grosses boucles de s&rsquo;incliner \u00e0 cause de leur poids et offre aux lobes d\u2019oreille distendus ainsi qu\u2019aux lobes \u00e0 trous \u00e9largis un meilleur support<\/li>\n<\/ul>\n<h2 class=\"title\">L\u2019Universal EZ back\u2122 s&rsquo;adapte sur&#8230;<\/h2>\n<ul>\n<li>Tiges droites \u00e0 friction<\/li>\n<li>Tiges droites filet\u00e9es<\/li>\n<li>Tiges courb\u00e9es en dormeuse ouverte ou ferm\u00e9e (seulement le petit mod\u00e8le)<\/li>\n<li>Tiges droites avec clips<\/li>\n<li>Tiges des boucles cr\u00e9oles<\/li>\n<li>Emp\u00eache de perdre les broches en le pla\u00e7ant sur l&rsquo;aiguille apr\u00e8s avoir enfil\u00e9 le v\u00eatement.<\/li>\n<li>Broches comme un embrayage \u00e0 goupille de s\u00e9curit\u00e9<\/li>\n<\/ul>\n","protected":false},"excerpt":{"rendered":"<p>L\u2019Universal EZ back\u2122 est un poussoir de boucles d\u2019oreilles fabriqu\u00e9 soit en Argent, en Or 10 Carats, 14 Carats ou en 18 Carats (blanc ou jaune) entour\u00e9 d\u2019une capsule de silicone translucide hypoallerg\u00e9nique. Ce produit est SANS NICKEL &#038; HYPOALLERG\u00c9NIQUE<\/p>\n","protected":false},"author":1,"featured_media":37,"parent":0,"menu_order":0,"comment_status":"open","ping_status":"open","template":"page-full.php","meta":{"footnotes":""},"class_list":["post-194","page","type-page","status-publish","has-post-thumbnail","hentry"],"yoast_head":"<!-- This site is optimized with the Yoast SEO plugin v27.6 - https:\/\/yoast.com\/product\/yoast-seo-wordpress\/ -->\n<title>Pr\u00e9sentation de L\u2019Universal EZ back&trade; - Universal EZ back<\/title>\n<meta name=\"robots\" content=\"index, follow, max-snippet:-1, max-image-preview:large, max-video-preview:-1\" \/>\n<link rel=\"canonical\" href=\"https:\/\/universalezback.com\/fr\/universal-ez-back\/\" \/>\n<meta property=\"og:locale\" content=\"fr_FR\" \/>\n<meta property=\"og:type\" content=\"article\" \/>\n<meta property=\"og:title\" content=\"Pr\u00e9sentation de L\u2019Universal EZ back&trade; - Universal EZ back\" \/>\n<meta property=\"og:description\" content=\"L\u2019Universal EZ back\u2122 est un poussoir de boucles d\u2019oreilles fabriqu\u00e9 soit en Argent, en Or 10 Carats, 14 Carats ou en 18 Carats (blanc ou jaune) entour\u00e9 d\u2019une capsule de silicone translucide hypoallerg\u00e9nique. Ce produit est SANS NICKEL &amp; HYPOALLERG\u00c9NIQUE\" \/>\n<meta property=\"og:url\" content=\"https:\/\/universalezback.com\/fr\/universal-ez-back\/\" \/>\n<meta property=\"og:site_name\" content=\"Universal EZ back\" \/>\n<meta property=\"article:modified_time\" content=\"2013-03-22T00:17:55+00:00\" \/>\n<meta property=\"og:image\" content=\"https:\/\/universalezback.com\/wp-content\/uploads\/2013\/01\/ez-back-slide.png\" \/>\n\t<meta property=\"og:image:width\" content=\"472\" \/>\n\t<meta property=\"og:image:height\" content=\"472\" \/>\n\t<meta property=\"og:image:type\" content=\"image\/png\" \/>\n<meta name=\"twitter:label1\" content=\"Dur\u00e9e de lecture estim\u00e9e\" \/>\n\t<meta name=\"twitter:data1\" content=\"1 minute\" \/>\n<script type=\"application\/ld+json\" class=\"yoast-schema-graph\">{\"@context\":\"https:\\\/\\\/schema.org\",\"@graph\":[{\"@type\":\"WebPage\",\"@id\":\"https:\\\/\\\/universalezback.com\\\/fr\\\/universal-ez-back\\\/\",\"url\":\"https:\\\/\\\/universalezback.com\\\/fr\\\/universal-ez-back\\\/\",\"name\":\"Pr\u00e9sentation de L\u2019Universal EZ back&trade; - Universal EZ back\",\"isPartOf\":{\"@id\":\"https:\\\/\\\/universalezback.com\\\/#website\"},\"primaryImageOfPage\":{\"@id\":\"https:\\\/\\\/universalezback.com\\\/fr\\\/universal-ez-back\\\/#primaryimage\"},\"image\":{\"@id\":\"https:\\\/\\\/universalezback.com\\\/fr\\\/universal-ez-back\\\/#primaryimage\"},\"thumbnailUrl\":\"https:\\\/\\\/universalezback.com\\\/wp-content\\\/uploads\\\/2013\\\/01\\\/ez-back-slide.png\",\"datePublished\":\"2013-01-30T21:39:51+00:00\",\"dateModified\":\"2013-03-22T00:17:55+00:00\",\"breadcrumb\":{\"@id\":\"https:\\\/\\\/universalezback.com\\\/fr\\\/universal-ez-back\\\/#breadcrumb\"},\"inLanguage\":\"fr-FR\",\"potentialAction\":[{\"@type\":\"ReadAction\",\"target\":[\"https:\\\/\\\/universalezback.com\\\/fr\\\/universal-ez-back\\\/\"]}]},{\"@type\":\"ImageObject\",\"inLanguage\":\"fr-FR\",\"@id\":\"https:\\\/\\\/universalezback.com\\\/fr\\\/universal-ez-back\\\/#primaryimage\",\"url\":\"https:\\\/\\\/universalezback.com\\\/wp-content\\\/uploads\\\/2013\\\/01\\\/ez-back-slide.png\",\"contentUrl\":\"https:\\\/\\\/universalezback.com\\\/wp-content\\\/uploads\\\/2013\\\/01\\\/ez-back-slide.png\",\"width\":472,\"height\":472},{\"@type\":\"BreadcrumbList\",\"@id\":\"https:\\\/\\\/universalezback.com\\\/fr\\\/universal-ez-back\\\/#breadcrumb\",\"itemListElement\":[{\"@type\":\"ListItem\",\"position\":1,\"name\":\"Home\",\"item\":\"https:\\\/\\\/universalezback.com\\\/fr\\\/accueil\\\/\"},{\"@type\":\"ListItem\",\"position\":2,\"name\":\"Pr\u00e9sentation de L\u2019Universal EZ back&trade;\"}]},{\"@type\":\"WebSite\",\"@id\":\"https:\\\/\\\/universalezback.com\\\/#website\",\"url\":\"https:\\\/\\\/universalezback.com\\\/\",\"name\":\"Universal EZ back\",\"description\":\"The Original Universal Earring Back\",\"publisher\":{\"@id\":\"https:\\\/\\\/universalezback.com\\\/#organization\"},\"potentialAction\":[{\"@type\":\"SearchAction\",\"target\":{\"@type\":\"EntryPoint\",\"urlTemplate\":\"https:\\\/\\\/universalezback.com\\\/?s={search_term_string}\"},\"query-input\":{\"@type\":\"PropertyValueSpecification\",\"valueRequired\":true,\"valueName\":\"search_term_string\"}}],\"inLanguage\":\"fr-FR\"},{\"@type\":\"Organization\",\"@id\":\"https:\\\/\\\/universalezback.com\\\/#organization\",\"name\":\"Universal EZ back\",\"url\":\"https:\\\/\\\/universalezback.com\\\/\",\"logo\":{\"@type\":\"ImageObject\",\"inLanguage\":\"fr-FR\",\"@id\":\"https:\\\/\\\/universalezback.com\\\/#\\\/schema\\\/logo\\\/image\\\/\",\"url\":\"https:\\\/\\\/universalezback.com\\\/wp-content\\\/uploads\\\/ezback_logo-1.png\",\"contentUrl\":\"https:\\\/\\\/universalezback.com\\\/wp-content\\\/uploads\\\/ezback_logo-1.png\",\"width\":297,\"height\":66,\"caption\":\"Universal EZ back\"},\"image\":{\"@id\":\"https:\\\/\\\/universalezback.com\\\/#\\\/schema\\\/logo\\\/image\\\/\"}}]}<\/script>\n<!-- \/ Yoast SEO plugin. -->","yoast_head_json":{"title":"Pr\u00e9sentation de L\u2019Universal EZ back&trade; - Universal EZ back","robots":{"index":"index","follow":"follow","max-snippet":"max-snippet:-1","max-image-preview":"max-image-preview:large","max-video-preview":"max-video-preview:-1"},"canonical":"https:\/\/universalezback.com\/fr\/universal-ez-back\/","og_locale":"fr_FR","og_type":"article","og_title":"Pr\u00e9sentation de L\u2019Universal EZ back&trade; - Universal EZ back","og_description":"L\u2019Universal EZ back\u2122 est un poussoir de boucles d\u2019oreilles fabriqu\u00e9 soit en Argent, en Or 10 Carats, 14 Carats ou en 18 Carats (blanc ou jaune) entour\u00e9 d\u2019une capsule de silicone translucide hypoallerg\u00e9nique. Ce produit est SANS NICKEL & HYPOALLERG\u00c9NIQUE","og_url":"https:\/\/universalezback.com\/fr\/universal-ez-back\/","og_site_name":"Universal EZ back","article_modified_time":"2013-03-22T00:17:55+00:00","og_image":[{"width":472,"height":472,"url":"https:\/\/universalezback.com\/wp-content\/uploads\/2013\/01\/ez-back-slide.png","type":"image\/png"}],"twitter_misc":{"Dur\u00e9e de lecture estim\u00e9e":"1 minute"},"schema":{"@context":"https:\/\/schema.org","@graph":[{"@type":"WebPage","@id":"https:\/\/universalezback.com\/fr\/universal-ez-back\/","url":"https:\/\/universalezback.com\/fr\/universal-ez-back\/","name":"Pr\u00e9sentation de L\u2019Universal EZ back&trade; - Universal EZ back","isPartOf":{"@id":"https:\/\/universalezback.com\/#website"},"primaryImageOfPage":{"@id":"https:\/\/universalezback.com\/fr\/universal-ez-back\/#primaryimage"},"image":{"@id":"https:\/\/universalezback.com\/fr\/universal-ez-back\/#primaryimage"},"thumbnailUrl":"https:\/\/universalezback.com\/wp-content\/uploads\/2013\/01\/ez-back-slide.png","datePublished":"2013-01-30T21:39:51+00:00","dateModified":"2013-03-22T00:17:55+00:00","breadcrumb":{"@id":"https:\/\/universalezback.com\/fr\/universal-ez-back\/#breadcrumb"},"inLanguage":"fr-FR","potentialAction":[{"@type":"ReadAction","target":["https:\/\/universalezback.com\/fr\/universal-ez-back\/"]}]},{"@type":"ImageObject","inLanguage":"fr-FR","@id":"https:\/\/universalezback.com\/fr\/universal-ez-back\/#primaryimage","url":"https:\/\/universalezback.com\/wp-content\/uploads\/2013\/01\/ez-back-slide.png","contentUrl":"https:\/\/universalezback.com\/wp-content\/uploads\/2013\/01\/ez-back-slide.png","width":472,"height":472},{"@type":"BreadcrumbList","@id":"https:\/\/universalezback.com\/fr\/universal-ez-back\/#breadcrumb","itemListElement":[{"@type":"ListItem","position":1,"name":"Home","item":"https:\/\/universalezback.com\/fr\/accueil\/"},{"@type":"ListItem","position":2,"name":"Pr\u00e9sentation de L\u2019Universal EZ back&trade;"}]},{"@type":"WebSite","@id":"https:\/\/universalezback.com\/#website","url":"https:\/\/universalezback.com\/","name":"Universal EZ back","description":"The Original Universal Earring Back","publisher":{"@id":"https:\/\/universalezback.com\/#organization"},"potentialAction":[{"@type":"SearchAction","target":{"@type":"EntryPoint","urlTemplate":"https:\/\/universalezback.com\/?s={search_term_string}"},"query-input":{"@type":"PropertyValueSpecification","valueRequired":true,"valueName":"search_term_string"}}],"inLanguage":"fr-FR"},{"@type":"Organization","@id":"https:\/\/universalezback.com\/#organization","name":"Universal EZ back","url":"https:\/\/universalezback.com\/","logo":{"@type":"ImageObject","inLanguage":"fr-FR","@id":"https:\/\/universalezback.com\/#\/schema\/logo\/image\/","url":"https:\/\/universalezback.com\/wp-content\/uploads\/ezback_logo-1.png","contentUrl":"https:\/\/universalezback.com\/wp-content\/uploads\/ezback_logo-1.png","width":297,"height":66,"caption":"Universal EZ back"},"image":{"@id":"https:\/\/universalezback.com\/#\/schema\/logo\/image\/"}}]}},"_links":{"self":[{"href":"https:\/\/universalezback.com\/fr\/wp-json\/wp\/v2\/pages\/194","targetHints":{"allow":["GET"]}}],"collection":[{"href":"https:\/\/universalezback.com\/fr\/wp-json\/wp\/v2\/pages"}],"about":[{"href":"https:\/\/universalezback.com\/fr\/wp-json\/wp\/v2\/types\/page"}],"author":[{"embeddable":true,"href":"https:\/\/universalezback.com\/fr\/wp-json\/wp\/v2\/users\/1"}],"replies":[{"embeddable":true,"href":"https:\/\/universalezback.com\/fr\/wp-json\/wp\/v2\/comments?post=194"}],"version-history":[{"count":47,"href":"https:\/\/universalezback.com\/fr\/wp-json\/wp\/v2\/pages\/194\/revisions"}],"predecessor-version":[{"id":443,"href":"https:\/\/universalezback.com\/fr\/wp-json\/wp\/v2\/pages\/194\/revisions\/443"}],"wp:featuredmedia":[{"embeddable":true,"href":"https:\/\/universalezback.com\/fr\/wp-json\/wp\/v2\/media\/37"}],"wp:attachment":[{"href":"https:\/\/universalezback.com\/fr\/wp-json\/wp\/v2\/media?parent=194"}],"curies":[{"name":"wp","href":"https:\/\/api.w.org\/{rel}","templated":true}]}}